{"id":1968,"date":"2025-12-20T19:18:37","date_gmt":"2025-12-21T00:18:37","guid":{"rendered":"https:\/\/delicass.yopuedo.pe\/?post_type=product&#038;p=1968"},"modified":"2025-12-20T19:18:37","modified_gmt":"2025-12-21T00:18:37","slug":"huevos-huachanos","status":"publish","type":"product","link":"https:\/\/delicass.yopuedo.pe\/index.php\/product\/huevos-huachanos\/","title":{"rendered":"Huevos Huachanos"},"content":{"rendered":"<p>Huevos revueltos suaves y reci\u00e9n hechos, con un toque salado y reconfortante. Se preparan al momento y se combinan con salchicha huachana en trozos, bien jugosa y sabrosa, que aporta un sabor intenso y casero. La mezcla queda equilibrada, cremosa y perfecta para un desayuno lleno de energ\u00eda. Ideal para acompa\u00f1arlos con pan o una guarnici\u00f3n ligera, disfrut\u00e1ndolo caliente, sin prisa, y con ese gusto tradicional que siempre se antoja.<\/p>\n","protected":false},"excerpt":{"rendered":"<p>Huevos revueltos suaves con salchicha huachana, sabor casero ideal para brunch.<\/p>\n","protected":false},"featured_media":581,"comment_status":"open","ping_status":"closed","template":"","meta":[],"product_brand":[],"product_cat":[37],"product_tag":[],"class_list":{"0":"post-1968","1":"product","2":"type-product","3":"status-publish","4":"has-post-thumbnail","6":"product_cat-desayunos","8":"first","9":"instock","10":"shipping-taxable","11":"purchasable","12":"product-type-simple"},"_links":{"self":[{"href":"https:\/\/delicass.yopuedo.pe\/index.php\/wp-json\/wp\/v2\/product\/1968","targetHints":{"allow":["GET"]}}],"collection":[{"href":"https:\/\/delicass.yopuedo.pe\/index.php\/wp-json\/wp\/v2\/product"}],"about":[{"href":"https:\/\/delicass.yopuedo.pe\/index.php\/wp-json\/wp\/v2\/types\/product"}],"replies":[{"embeddable":true,"href":"https:\/\/delicass.yopuedo.pe\/index.php\/wp-json\/wp\/v2\/comments?post=1968"}],"wp:featuredmedia":[{"embeddable":true,"href":"https:\/\/delicass.yopuedo.pe\/index.php\/wp-json\/wp\/v2\/media\/581"}],"wp:attachment":[{"href":"https:\/\/delicass.yopuedo.pe\/index.php\/wp-json\/wp\/v2\/media?parent=1968"}],"wp:term":[{"taxonomy":"product_brand","embeddable":true,"href":"https:\/\/delicass.yopuedo.pe\/index.php\/wp-json\/wp\/v2\/product_brand?post=1968"},{"taxonomy":"product_cat","embeddable":true,"href":"https:\/\/delicass.yopuedo.pe\/index.php\/wp-json\/wp\/v2\/product_cat?post=1968"},{"taxonomy":"product_tag","embeddable":true,"href":"https:\/\/delicass.yopuedo.pe\/index.php\/wp-json\/wp\/v2\/product_tag?post=1968"}],"curies":[{"name":"wp","href":"https:\/\/api.w.org\/{rel}","templated":true}]}}