{"id":155,"date":"2025-12-01T12:06:52","date_gmt":"2025-12-01T17:06:52","guid":{"rendered":"https:\/\/delicass.yopuedo.pe\/?page_id=155"},"modified":"2025-12-23T09:51:18","modified_gmt":"2025-12-23T14:51:18","slug":"trabaja-con-nosotros","status":"publish","type":"page","link":"https:\/\/delicass.yopuedo.pe\/index.php\/trabaja-con-nosotros\/","title":{"rendered":"Trabaja con Nosotros"},"content":{"rendered":"\t\t<div data-elementor-type=\"wp-page\" data-elementor-id=\"155\" class=\"elementor elementor-155\" data-elementor-post-type=\"page\">\n\t\t\t\t<div class=\"elementor-element elementor-element-e036210 e-flex e-con-boxed e-con e-parent\" data-id=\"e036210\" data-element_type=\"container\" data-settings=\"{&quot;background_background&quot;:&quot;slideshow&quot;,&quot;background_slideshow_gallery&quot;:[{&quot;id&quot;:706,&quot;url&quot;:&quot;https:\\\/\\\/delicass.yopuedo.pe\\\/wp-content\\\/uploads\\\/2025\\\/12\\\/portrait-waiter-holding-plate-cup-cake-counter-1-scaled-e1765238223525.jpg&quot;},{&quot;id&quot;:707,&quot;url&quot;:&quot;https:\\\/\\\/delicass.yopuedo.pe\\\/wp-content\\\/uploads\\\/2025\\\/12\\\/happy-waiter-holding-plates-with-food-looking-camera-while-serving-guests-restaurant-1-scaled-e1765238449548.jpg&quot;},{&quot;id&quot;:708,&quot;url&quot;:&quot;https:\\\/\\\/delicass.yopuedo.pe\\\/wp-content\\\/uploads\\\/2025\\\/12\\\/happy-beautiful-smiling-waitress-wearing-apron-holding-folder-menu-restaurant-looking-camera-standing-cozy-coffeehouse-good-service-1-scaled-e1765238387979.jpg&quot;}],&quot;background_slideshow_slide_duration&quot;:4000,&quot;background_slideshow_slide_transition&quot;:&quot;slide_left&quot;,&quot;background_slideshow_loop&quot;:&quot;yes&quot;,&quot;background_slideshow_transition_duration&quot;:500}\">\n\t\t\t\t\t<div class=\"e-con-inner\">\n\t\t<div class=\"elementor-element elementor-element-8db1d66 e-con-full e-flex e-con e-child\" data-id=\"8db1d66\" data-element_type=\"container\">\n\t\t\t\t<div class=\"elementor-element elementor-element-e588fef elementor-widget-mobile__width-initial elementor-widget__width-initial elementor-widget elementor-widget-heading\" data-id=\"e588fef\" data-element_type=\"widget\" data-settings=\"{&quot;_animation_mobile&quot;:&quot;fadeIn&quot;}\" data-widget_type=\"heading.default\">\n\t\t\t\t\t<h2 class=\"elementor-heading-title elementor-size-default\">Trabaja Con Nosotros<\/h2>\t\t\t\t<\/div>\n\t\t\t\t<div class=\"elementor-element elementor-element-3c719a6 elementor-widget__width-initial elementor-widget elementor-widget-text-editor\" data-id=\"3c719a6\" data-element_type=\"widget\" data-widget_type=\"text-editor.default\">\n\t\t\t\t\t\t\t\t\t<p><span style=\"font-weight: 400;\">\u00danete a Delicass y forma parte de un equipo donde el sabor, la pasi\u00f3n y el crecimiento van de la mano. \u00a1Impulsa tu talento con nosotros!<\/span><\/p>\t\t\t\t\t\t\t\t<\/div>\n\t\t\t\t<div class=\"elementor-element elementor-element-9e1bd60 elementor-align-left elementor-mobile-align-center elementor-widget-mobile__width-initial elementor-widget elementor-widget-button\" data-id=\"9e1bd60\" data-element_type=\"widget\" data-widget_type=\"button.default\">\n\t\t\t\t\t\t\t\t\t\t<a class=\"elementor-button elementor-button-link elementor-size-sm\" href=\"https:\/\/delicass.yopuedo.pe\/index.php\/postular\/\">\n\t\t\t\t\t\t<span class=\"elementor-button-content-wrapper\">\n\t\t\t\t\t\t\t\t\t<span class=\"elementor-button-text\">Postular<\/span>\n\t\t\t\t\t<\/span>\n\t\t\t\t\t<\/a>\n\t\t\t\t\t\t\t\t<\/div>\n\t\t\t\t<\/div>\n\t\t\t\t\t<\/div>\n\t\t\t\t<\/div>\n\t\t<div class=\"elementor-element elementor-element-eb3d267 e-flex e-con-boxed e-con e-parent\" data-id=\"eb3d267\" data-element_type=\"container\" data-settings=\"{&quot;background_background&quot;:&quot;classic&quot;,&quot;shape_divider_top&quot;:&quot;mountains&quot;}\">\n\t\t\t\t\t<div class=\"e-con-inner\">\n\t\t\t\t<div class=\"elementor-shape elementor-shape-top\" aria-hidden=\"true\" data-negative=\"false\">\n\t\t\t<svg xmlns=\"http:\/\/www.w3.org\/2000\/svg\" viewBox=\"0 0 1000 100\" preserveAspectRatio=\"none\">\n\t<path class=\"elementor-shape-fill\" opacity=\"0.33\" d=\"M473,67.3c-203.9,88.3-263.1-34-320.3,0C66,119.1,0,59.7,0,59.7V0h1000v59.7 c0,0-62.1,26.1-94.9,29.3c-32.8,3.3-62.8-12.3-75.8-22.1C806,49.6,745.3,8.7,694.9,4.7S492.4,59,473,67.3z\"\/>\n\t<path class=\"elementor-shape-fill\" opacity=\"0.66\" d=\"M734,67.3c-45.5,0-77.2-23.2-129.1-39.1c-28.6-8.7-150.3-10.1-254,39.1 s-91.7-34.4-149.2,0C115.7,118.3,0,39.8,0,39.8V0h1000v36.5c0,0-28.2-18.5-92.1-18.5C810.2,18.1,775.7,67.3,734,67.3z\"\/>\n\t<path class=\"elementor-shape-fill\" d=\"M766.1,28.9c-200-57.5-266,65.5-395.1,19.5C242,1.8,242,5.4,184.8,20.6C128,35.8,132.3,44.9,89.9,52.5C28.6,63.7,0,0,0,0 h1000c0,0-9.9,40.9-83.6,48.1S829.6,47,766.1,28.9z\"\/>\n<\/svg>\t\t<\/div>\n\t\t<div class=\"elementor-element elementor-element-21a3673 e-con-full e-flex e-con e-child\" data-id=\"21a3673\" data-element_type=\"container\">\n\t\t\t\t<div class=\"elementor-element elementor-element-59a7241 elementor-widget__width-initial elementor-widget elementor-widget-heading\" data-id=\"59a7241\" data-element_type=\"widget\" data-widget_type=\"heading.default\">\n\t\t\t\t\t<h2 class=\"elementor-heading-title elementor-size-default\">\u00bfTienes lo que hace falta?<\/h2>\t\t\t\t<\/div>\n\t\t\t\t<div class=\"elementor-element elementor-element-d2ceae0 elementor-widget__width-initial elementor-widget elementor-widget-text-editor\" data-id=\"d2ceae0\" data-element_type=\"widget\" data-widget_type=\"text-editor.default\">\n\t\t\t\t\t\t\t\t\t<p><span style=\"font-weight: 400;\">\u00danete a Delicass y crece con nosotros.<\/span><\/p>\t\t\t\t\t\t\t\t<\/div>\n\t\t\t\t<\/div>\n\t\t\t\t\t<\/div>\n\t\t\t\t<\/div>\n\t\t<div class=\"elementor-element elementor-element-a734279 e-con-full e-flex e-con e-parent\" data-id=\"a734279\" data-element_type=\"container\" data-settings=\"{&quot;background_background&quot;:&quot;classic&quot;}\">\n\t\t<div class=\"elementor-element elementor-element-b5851d5 e-con-full e-flex e-con e-child\" data-id=\"b5851d5\" data-element_type=\"container\">\n\t\t\t\t<div class=\"elementor-element elementor-element-48e79cb elementor-widget-mobile__width-initial elementor-widget elementor-widget-heading\" data-id=\"48e79cb\" data-element_type=\"widget\" data-widget_type=\"heading.default\">\n\t\t\t\t\t<h2 class=\"elementor-heading-title elementor-size-default\">Caracter\u00edsticas:<\/h2>\t\t\t\t<\/div>\n\t\t\t\t<div class=\"elementor-element elementor-element-b9be852 elementor-widget__width-initial elementor-widget elementor-widget-text-editor\" data-id=\"b9be852\" data-element_type=\"widget\" data-widget_type=\"text-editor.default\">\n\t\t\t\t\t\t\t\t\t<ul><li><span style=\"font-weight: 400;\">Responsabilidad y puntualidad<\/span><\/li><\/ul>\t\t\t\t\t\t\t\t<\/div>\n\t\t\t\t<div class=\"elementor-element elementor-element-ddf231f elementor-widget__width-initial elementor-widget elementor-widget-text-editor\" data-id=\"ddf231f\" data-element_type=\"widget\" data-widget_type=\"text-editor.default\">\n\t\t\t\t\t\t\t\t\t<ul><li><span style=\"font-weight: 400;\">Buena actitud y disposici\u00f3n para aprender<\/span><\/li><\/ul>\t\t\t\t\t\t\t\t<\/div>\n\t\t\t\t<div class=\"elementor-element elementor-element-dbf1328 elementor-widget__width-initial elementor-widget elementor-widget-text-editor\" data-id=\"dbf1328\" data-element_type=\"widget\" data-widget_type=\"text-editor.default\">\n\t\t\t\t\t\t\t\t\t<ul><li><span style=\"font-weight: 400;\">Trabajo en equipo<\/span><\/li><\/ul>\t\t\t\t\t\t\t\t<\/div>\n\t\t\t\t<div class=\"elementor-element elementor-element-414dd35 elementor-widget__width-initial elementor-widget elementor-widget-text-editor\" data-id=\"414dd35\" data-element_type=\"widget\" data-widget_type=\"text-editor.default\">\n\t\t\t\t\t\t\t\t\t<ul><li><span style=\"font-weight: 400;\">Atenci\u00f3n al detalle<\/span><\/li><\/ul>\t\t\t\t\t\t\t\t<\/div>\n\t\t\t\t<div class=\"elementor-element elementor-element-2c36f63 elementor-widget__width-initial elementor-widget elementor-widget-text-editor\" data-id=\"2c36f63\" data-element_type=\"widget\" data-widget_type=\"text-editor.default\">\n\t\t\t\t\t\t\t\t\t<ul><li><span style=\"font-weight: 400;\">Rapidez y organizaci\u00f3n<\/span><\/li><\/ul>\t\t\t\t\t\t\t\t<\/div>\n\t\t\t\t<div class=\"elementor-element elementor-element-40101b4 elementor-widget__width-initial elementor-widget elementor-widget-text-editor\" data-id=\"40101b4\" data-element_type=\"widget\" data-widget_type=\"text-editor.default\">\n\t\t\t\t\t\t\t\t\t<ul><li><span style=\"font-weight: 400;\">Trato amable con clientes y compa\u00f1eros<\/span><\/li><\/ul>\t\t\t\t\t\t\t\t<\/div>\n\t\t\t\t<\/div>\n\t\t<div class=\"elementor-element elementor-element-045c542 e-con-full e-flex e-con e-child\" data-id=\"045c542\" data-element_type=\"container\">\n\t\t\t\t<div class=\"elementor-element elementor-element-c6eab37 elementor-widget__width-initial elementor-widget elementor-widget-image\" data-id=\"c6eab37\" data-element_type=\"widget\" data-widget_type=\"image.default\">\n\t\t\t\t\t\t\t\t\t\t\t\t\t\t\t<img fetchpriority=\"high\" decoding=\"async\" width=\"1707\" height=\"2560\" src=\"https:\/\/delicass.yopuedo.pe\/wp-content\/uploads\/2025\/12\/cocinera-scaled.png\" class=\"attachment-full size-full wp-image-759\" alt=\"\" srcset=\"https:\/\/delicass.yopuedo.pe\/wp-content\/uploads\/2025\/12\/cocinera-scaled.png 1707w, https:\/\/delicass.yopuedo.pe\/wp-content\/uploads\/2025\/12\/cocinera-scaled-600x900.png 600w, https:\/\/delicass.yopuedo.pe\/wp-content\/uploads\/2025\/12\/cocinera-200x300.png 200w, https:\/\/delicass.yopuedo.pe\/wp-content\/uploads\/2025\/12\/cocinera-683x1024.png 683w, https:\/\/delicass.yopuedo.pe\/wp-content\/uploads\/2025\/12\/cocinera-768x1152.png 768w, https:\/\/delicass.yopuedo.pe\/wp-content\/uploads\/2025\/12\/cocinera-1024x1536.png 1024w\" sizes=\"(max-width: 1707px) 100vw, 1707px\" \/>\t\t\t\t\t\t\t\t\t\t\t\t\t\t\t<\/div>\n\t\t\t\t<\/div>\n\t\t\t\t<\/div>\n\t\t<div class=\"elementor-element elementor-element-7ff7602 e-flex e-con-boxed e-con e-parent\" data-id=\"7ff7602\" data-element_type=\"container\" data-settings=\"{&quot;background_background&quot;:&quot;classic&quot;,&quot;shape_divider_top&quot;:&quot;mountains&quot;}\">\n\t\t\t\t\t<div class=\"e-con-inner\">\n\t\t\t\t<div class=\"elementor-shape elementor-shape-top\" aria-hidden=\"true\" data-negative=\"false\">\n\t\t\t<svg xmlns=\"http:\/\/www.w3.org\/2000\/svg\" viewBox=\"0 0 1000 100\" preserveAspectRatio=\"none\">\n\t<path class=\"elementor-shape-fill\" opacity=\"0.33\" d=\"M473,67.3c-203.9,88.3-263.1-34-320.3,0C66,119.1,0,59.7,0,59.7V0h1000v59.7 c0,0-62.1,26.1-94.9,29.3c-32.8,3.3-62.8-12.3-75.8-22.1C806,49.6,745.3,8.7,694.9,4.7S492.4,59,473,67.3z\"\/>\n\t<path class=\"elementor-shape-fill\" opacity=\"0.66\" d=\"M734,67.3c-45.5,0-77.2-23.2-129.1-39.1c-28.6-8.7-150.3-10.1-254,39.1 s-91.7-34.4-149.2,0C115.7,118.3,0,39.8,0,39.8V0h1000v36.5c0,0-28.2-18.5-92.1-18.5C810.2,18.1,775.7,67.3,734,67.3z\"\/>\n\t<path class=\"elementor-shape-fill\" d=\"M766.1,28.9c-200-57.5-266,65.5-395.1,19.5C242,1.8,242,5.4,184.8,20.6C128,35.8,132.3,44.9,89.9,52.5C28.6,63.7,0,0,0,0 h1000c0,0-9.9,40.9-83.6,48.1S829.6,47,766.1,28.9z\"\/>\n<\/svg>\t\t<\/div>\n\t\t<div class=\"elementor-element elementor-element-0fdf216 e-con-full e-flex e-con e-child\" data-id=\"0fdf216\" data-element_type=\"container\">\n\t\t\t\t<div class=\"elementor-element elementor-element-3991522 elementor-widget__width-initial elementor-widget elementor-widget-heading\" data-id=\"3991522\" data-element_type=\"widget\" data-widget_type=\"heading.default\">\n\t\t\t\t\t<h2 class=\"elementor-heading-title elementor-size-default\">Valores<\/h2>\t\t\t\t<\/div>\n\t\t\t\t<\/div>\n\t\t\t\t\t<\/div>\n\t\t\t\t<\/div>\n\t\t<div class=\"elementor-element elementor-element-006576e e-flex e-con-boxed e-con e-parent\" data-id=\"006576e\" data-element_type=\"container\" data-settings=\"{&quot;background_background&quot;:&quot;classic&quot;}\">\n\t\t\t\t\t<div class=\"e-con-inner\">\n\t\t<div class=\"elementor-element elementor-element-5cef035 e-con-full e-flex e-con e-child\" data-id=\"5cef035\" data-element_type=\"container\">\n\t\t\t\t<div class=\"elementor-element elementor-element-820d596 elementor-widget__width-initial elementor-position-top elementor-widget elementor-widget-image-box\" data-id=\"820d596\" data-element_type=\"widget\" data-widget_type=\"image-box.default\">\n\t\t\t\t\t<div class=\"elementor-image-box-wrapper\"><figure class=\"elementor-image-box-img\"><img decoding=\"async\" width=\"1552\" height=\"1310\" src=\"https:\/\/delicass.yopuedo.pe\/wp-content\/uploads\/2025\/12\/valor-calidad.png\" class=\"attachment-full size-full wp-image-903\" alt=\"\" srcset=\"https:\/\/delicass.yopuedo.pe\/wp-content\/uploads\/2025\/12\/valor-calidad.png 1552w, https:\/\/delicass.yopuedo.pe\/wp-content\/uploads\/2025\/12\/valor-calidad-600x506.png 600w, https:\/\/delicass.yopuedo.pe\/wp-content\/uploads\/2025\/12\/valor-calidad-300x253.png 300w, https:\/\/delicass.yopuedo.pe\/wp-content\/uploads\/2025\/12\/valor-calidad-1024x864.png 1024w, https:\/\/delicass.yopuedo.pe\/wp-content\/uploads\/2025\/12\/valor-calidad-768x648.png 768w, https:\/\/delicass.yopuedo.pe\/wp-content\/uploads\/2025\/12\/valor-calidad-1536x1296.png 1536w\" sizes=\"(max-width: 1552px) 100vw, 1552px\" \/><\/figure><div class=\"elementor-image-box-content\"><h3 class=\"elementor-image-box-title\">Calidad<\/h3><\/div><\/div>\t\t\t\t<\/div>\n\t\t\t\t<\/div>\n\t\t<div class=\"elementor-element elementor-element-b210ae9 e-con-full e-flex e-con e-child\" data-id=\"b210ae9\" data-element_type=\"container\">\n\t\t\t\t<div class=\"elementor-element elementor-element-7fcb686 elementor-widget__width-initial elementor-position-top elementor-widget elementor-widget-image-box\" data-id=\"7fcb686\" data-element_type=\"widget\" data-widget_type=\"image-box.default\">\n\t\t\t\t\t<div class=\"elementor-image-box-wrapper\"><figure class=\"elementor-image-box-img\"><img decoding=\"async\" width=\"1600\" height=\"1306\" src=\"https:\/\/delicass.yopuedo.pe\/wp-content\/uploads\/2025\/12\/valor-cercania.png\" class=\"attachment-full size-full wp-image-904\" alt=\"\" srcset=\"https:\/\/delicass.yopuedo.pe\/wp-content\/uploads\/2025\/12\/valor-cercania.png 1600w, https:\/\/delicass.yopuedo.pe\/wp-content\/uploads\/2025\/12\/valor-cercania-600x490.png 600w, https:\/\/delicass.yopuedo.pe\/wp-content\/uploads\/2025\/12\/valor-cercania-300x245.png 300w, https:\/\/delicass.yopuedo.pe\/wp-content\/uploads\/2025\/12\/valor-cercania-1024x836.png 1024w, https:\/\/delicass.yopuedo.pe\/wp-content\/uploads\/2025\/12\/valor-cercania-768x627.png 768w, https:\/\/delicass.yopuedo.pe\/wp-content\/uploads\/2025\/12\/valor-cercania-1536x1254.png 1536w\" sizes=\"(max-width: 1600px) 100vw, 1600px\" \/><\/figure><div class=\"elementor-image-box-content\"><h3 class=\"elementor-image-box-title\">Cercania<\/h3><\/div><\/div>\t\t\t\t<\/div>\n\t\t\t\t<\/div>\n\t\t<div class=\"elementor-element elementor-element-51e365a e-con-full e-flex e-con e-child\" data-id=\"51e365a\" data-element_type=\"container\">\n\t\t\t\t<div class=\"elementor-element elementor-element-7a17992 elementor-widget__width-initial elementor-position-top elementor-widget elementor-widget-image-box\" data-id=\"7a17992\" data-element_type=\"widget\" data-widget_type=\"image-box.default\">\n\t\t\t\t\t<div class=\"elementor-image-box-wrapper\"><figure class=\"elementor-image-box-img\"><img loading=\"lazy\" decoding=\"async\" width=\"1186\" height=\"1344\" src=\"https:\/\/delicass.yopuedo.pe\/wp-content\/uploads\/2025\/12\/valor-pasion.png\" class=\"attachment-full size-full wp-image-905\" alt=\"\" srcset=\"https:\/\/delicass.yopuedo.pe\/wp-content\/uploads\/2025\/12\/valor-pasion.png 1186w, https:\/\/delicass.yopuedo.pe\/wp-content\/uploads\/2025\/12\/valor-pasion-600x680.png 600w, https:\/\/delicass.yopuedo.pe\/wp-content\/uploads\/2025\/12\/valor-pasion-265x300.png 265w, https:\/\/delicass.yopuedo.pe\/wp-content\/uploads\/2025\/12\/valor-pasion-904x1024.png 904w, https:\/\/delicass.yopuedo.pe\/wp-content\/uploads\/2025\/12\/valor-pasion-768x870.png 768w\" sizes=\"(max-width: 1186px) 100vw, 1186px\" \/><\/figure><div class=\"elementor-image-box-content\"><h3 class=\"elementor-image-box-title\">Pasi\u00f3n<\/h3><\/div><\/div>\t\t\t\t<\/div>\n\t\t\t\t<\/div>\n\t\t<div class=\"elementor-element elementor-element-e32b4d7 e-con-full e-flex e-con e-child\" data-id=\"e32b4d7\" data-element_type=\"container\">\n\t\t\t\t<div class=\"elementor-element elementor-element-8de7d03 elementor-widget__width-initial elementor-position-top elementor-widget elementor-widget-image-box\" data-id=\"8de7d03\" data-element_type=\"widget\" data-widget_type=\"image-box.default\">\n\t\t\t\t\t<div class=\"elementor-image-box-wrapper\"><figure class=\"elementor-image-box-img\"><img loading=\"lazy\" decoding=\"async\" width=\"1434\" height=\"1286\" src=\"https:\/\/delicass.yopuedo.pe\/wp-content\/uploads\/2025\/12\/valor-transparencia.png\" class=\"attachment-full size-full wp-image-906\" alt=\"\" srcset=\"https:\/\/delicass.yopuedo.pe\/wp-content\/uploads\/2025\/12\/valor-transparencia.png 1434w, https:\/\/delicass.yopuedo.pe\/wp-content\/uploads\/2025\/12\/valor-transparencia-600x538.png 600w, https:\/\/delicass.yopuedo.pe\/wp-content\/uploads\/2025\/12\/valor-transparencia-300x269.png 300w, https:\/\/delicass.yopuedo.pe\/wp-content\/uploads\/2025\/12\/valor-transparencia-1024x918.png 1024w, https:\/\/delicass.yopuedo.pe\/wp-content\/uploads\/2025\/12\/valor-transparencia-768x689.png 768w\" sizes=\"(max-width: 1434px) 100vw, 1434px\" \/><\/figure><div class=\"elementor-image-box-content\"><h3 class=\"elementor-image-box-title\">Transparencia<\/h3><\/div><\/div>\t\t\t\t<\/div>\n\t\t\t\t<\/div>\n\t\t\t\t\t<\/div>\n\t\t\t\t<\/div>\n\t\t\t\t<\/div>\n\t\t","protected":false},"excerpt":{"rendered":"<p>Trabaja Con Nosotros \u00danete a Delicass y forma parte de un equipo donde el sabor, la pasi\u00f3n y el crecimiento van de la mano. \u00a1Impulsa tu talento con nosotros! Postular \u00bfTienes lo que hace falta? \u00danete a Delicass y crece con nosotros. Caracter\u00edsticas: Responsabilidad y puntualidad Buena actitud y disposici\u00f3n para aprender Trabajo en equipo [&hellip;]<\/p>\n","protected":false},"author":5,"featured_media":0,"parent":0,"menu_order":0,"comment_status":"closed","ping_status":"closed","template":"elementor_header_footer","meta":{"footnotes":""},"class_list":["post-155","page","type-page","status-publish","hentry"],"_links":{"self":[{"href":"https:\/\/delicass.yopuedo.pe\/index.php\/wp-json\/wp\/v2\/pages\/155","targetHints":{"allow":["GET"]}}],"collection":[{"href":"https:\/\/delicass.yopuedo.pe\/index.php\/wp-json\/wp\/v2\/pages"}],"about":[{"href":"https:\/\/delicass.yopuedo.pe\/index.php\/wp-json\/wp\/v2\/types\/page"}],"author":[{"embeddable":true,"href":"https:\/\/delicass.yopuedo.pe\/index.php\/wp-json\/wp\/v2\/users\/5"}],"replies":[{"embeddable":true,"href":"https:\/\/delicass.yopuedo.pe\/index.php\/wp-json\/wp\/v2\/comments?post=155"}],"version-history":[{"count":111,"href":"https:\/\/delicass.yopuedo.pe\/index.php\/wp-json\/wp\/v2\/pages\/155\/revisions"}],"predecessor-version":[{"id":3043,"href":"https:\/\/delicass.yopuedo.pe\/index.php\/wp-json\/wp\/v2\/pages\/155\/revisions\/3043"}],"wp:attachment":[{"href":"https:\/\/delicass.yopuedo.pe\/index.php\/wp-json\/wp\/v2\/media?parent=155"}],"curies":[{"name":"wp","href":"https:\/\/api.w.org\/{rel}","templated":true}]}}